{"id":2495,"date":"2025-12-12T10:34:23","date_gmt":"2025-12-12T08:34:23","guid":{"rendered":"https:\/\/imansilla.com\/datenschutzerklaerung\/"},"modified":"2026-01-23T14:26:14","modified_gmt":"2026-01-23T12:26:14","slug":"datenschutzerklaerung","status":"publish","type":"page","link":"https:\/\/imansilla.com\/de\/datenschutzerklaerung\/","title":{"rendered":"Datenschutzerkl\u00e4rung<br>"},"content":{"rendered":"\t\t<div data-elementor-type=\"wp-page\" data-elementor-id=\"2495\" class=\"elementor elementor-2495 elementor-1572\" data-elementor-post-type=\"page\">\n\t\t\t\t<div class=\"elementor-element elementor-element-e7900a7 e-flex e-con-boxed e-con e-parent\" data-id=\"e7900a7\" data-element_type=\"container\" data-e-type=\"container\" data-settings=\"{&quot;background_background&quot;:&quot;classic&quot;}\">\n\t\t\t\t\t<div class=\"e-con-inner\">\n\t\t<div class=\"elementor-element elementor-element-471af33 e-con-full e-flex e-con e-child\" data-id=\"471af33\" data-element_type=\"container\" data-e-type=\"container\">\n\t\t\t\t<div class=\"elementor-element elementor-element-80b8ca4 elementor-invisible elementor-widget elementor-widget-heading\" data-id=\"80b8ca4\" data-element_type=\"widget\" data-e-type=\"widget\" data-settings=\"{&quot;_animation&quot;:&quot;fadeInLeft&quot;}\" data-widget_type=\"heading.default\">\n\t\t\t\t\t<h1 class=\"elementor-heading-title elementor-size-default\">Datenschutzerkl\u00e4rung<br><\/h1>\t\t\t\t<\/div>\n\t\t\t\t<div class=\"elementor-element elementor-element-36b46be elementor-widget elementor-widget-spacer\" data-id=\"36b46be\" data-element_type=\"widget\" data-e-type=\"widget\" data-widget_type=\"spacer.default\">\n\t\t\t\t\t\t\t<div class=\"elementor-spacer\">\n\t\t\t<div class=\"elementor-spacer-inner\"><\/div>\n\t\t<\/div>\n\t\t\t\t\t\t<\/div>\n\t\t<div class=\"elementor-element elementor-element-743d0f8 e-con-full e-flex e-con e-child\" data-id=\"743d0f8\" data-element_type=\"container\" data-e-type=\"container\">\n\t\t<div class=\"elementor-element elementor-element-ff2def7 e-con-full e-flex e-con e-child\" data-id=\"ff2def7\" data-element_type=\"container\" data-e-type=\"container\">\n\t\t\t\t<div class=\"elementor-element elementor-element-7a3995e elementor-widget elementor-widget-spacer\" data-id=\"7a3995e\" data-element_type=\"widget\" data-e-type=\"widget\" data-widget_type=\"spacer.default\">\n\t\t\t\t\t\t\t<div class=\"elementor-spacer\">\n\t\t\t<div class=\"elementor-spacer-inner\"><\/div>\n\t\t<\/div>\n\t\t\t\t\t\t<\/div>\n\t\t\t\t<\/div>\n\t\t<div class=\"elementor-element elementor-element-1bfa533 e-con-full e-flex e-con e-child\" data-id=\"1bfa533\" data-element_type=\"container\" data-e-type=\"container\" data-settings=\"{&quot;background_background&quot;:&quot;classic&quot;}\">\n\t\t\t\t<div class=\"elementor-element elementor-element-f830e0e elementor-view-default elementor-invisible elementor-widget elementor-widget-icon\" data-id=\"f830e0e\" data-element_type=\"widget\" data-e-type=\"widget\" data-settings=\"{&quot;_animation&quot;:&quot;fadeInDown&quot;,&quot;_animation_delay&quot;:200}\" data-widget_type=\"icon.default\">\n\t\t\t\t\t\t\t<div class=\"elementor-icon-wrapper\">\n\t\t\t<a class=\"elementor-icon elementor-animation-sink\" href=\"#next\">\n\t\t\t<svg aria-hidden=\"true\" class=\"e-font-icon-svg e-fas-arrow-down\" viewBox=\"0 0 448 512\" xmlns=\"http:\/\/www.w3.org\/2000\/svg\"><path d=\"M413.1 222.5l22.2 22.2c9.4 9.4 9.4 24.6 0 33.9L241 473c-9.4 9.4-24.6 9.4-33.9 0L12.7 278.6c-9.4-9.4-9.4-24.6 0-33.9l22.2-22.2c9.5-9.5 25-9.3 34.3.4L184 343.4V56c0-13.3 10.7-24 24-24h32c13.3 0 24 10.7 24 24v287.4l114.8-120.5c9.3-9.8 24.8-10 34.3-.4z\"><\/path><\/svg>\t\t\t<\/a>\n\t\t<\/div>\n\t\t\t\t\t\t<\/div>\n\t\t\t\t<\/div>\n\t\t<div class=\"elementor-element elementor-element-7a1583e e-con-full e-flex e-con e-child\" data-id=\"7a1583e\" data-element_type=\"container\" data-e-type=\"container\">\n\t\t\t\t<div class=\"elementor-element elementor-element-27ac459 elementor-widget elementor-widget-spacer\" data-id=\"27ac459\" data-element_type=\"widget\" data-e-type=\"widget\" data-widget_type=\"spacer.default\">\n\t\t\t\t\t\t\t<div class=\"elementor-spacer\">\n\t\t\t<div class=\"elementor-spacer-inner\"><\/div>\n\t\t<\/div>\n\t\t\t\t\t\t<\/div>\n\t\t\t\t<\/div>\n\t\t\t\t<\/div>\n\t\t\t\t<\/div>\n\t\t\t\t\t<\/div>\n\t\t\t\t<\/div>\n\t\t<div class=\"elementor-element elementor-element-3e48557 e-flex e-con-boxed e-con e-parent\" data-id=\"3e48557\" data-element_type=\"container\" data-e-type=\"container\">\n\t\t\t\t\t<div class=\"e-con-inner\">\n\t\t\t\t<div class=\"elementor-element elementor-element-307aae7 elementor-widget elementor-widget-text-editor\" data-id=\"307aae7\" data-element_type=\"widget\" data-e-type=\"widget\" data-widget_type=\"text-editor.default\">\n\t\t\t\t\t\t\t\t\t<h5>1. Verantwortliche Stelle<\/h5>\n  <p>\n In \u00dcbereinstimmung mit der Verordnung (EU) 2016\/679 (DSGVO) und dem spanischen Organgesetz 3\/2018 (LOPDGDD) informieren wir Sie, dass die \u00fcber diese Website erhobenen personenbezogenen Daten verarbeitet werden von:\n  <\/p>\n  <ul>\n    <li><strong>Firmenname:<\/strong> INDUSTRIAS MANSILLA S.A.<\/li>\n    <li><strong>Steueridentifikationsnummer (NIF):<\/strong> A09065988<\/li>\n    <li><strong>Adresse:<\/strong> c\/ L\u00f3pez Bravo n\u00ba 18, Pol\u00edgono Industrial de Villalonqu\u00e9jar, 09001 Burgos, Spanien<\/li>\n    <li><strong>Telefon:<\/strong> <a href=\"tel:+34947298430\">+34 947 29 84 30<\/a><\/li>\n    <li><strong>E-Mail:<\/strong> <a href=\"mailto:mansilla@mansillacabs.com\">mansilla@mansillacabs.com<\/a><\/li>\n    <li><strong>Website:<\/strong> <a href=\"https:\/\/imansilla.com\/de\/\">https:\/\/imansilla.com<\/a><\/li>\n  <\/ul>\n\n  <h5>2. Zweck der Datenverarbeitung<\/h5>\n  <p>Wir verarbeiten Ihre personenbezogenen Daten f\u00fcr folgende Zwecke:<\/p>\n  <ul>\n    <li>Um auf Anfragen, Informationsanforderungen oder Angebote zu antworten.<\/li>\n    <li>Zur Verwaltung von Gesch\u00e4fts- und Berufsbeziehungen.<\/li>\n    <li>Um technische oder informative Mitteilungen \u00fcber unsere Dienstleistungen zu versenden (mit vorheriger Einwilligung).<\/li>\n    <li>Zur Erf\u00fcllung gesetzlicher oder vertraglicher Verpflichtungen.<\/li>\n  <\/ul>\n\n  <h5>3. Rechtsgrundlage f\u00fcr die Verarbeitung<\/h5>\n  <p>Die Rechtsgrundlagen f\u00fcr die Verarbeitung Ihrer Daten sind:<\/p>\n  <ul>\n    <li>Ihre ausdr\u00fcckliche Einwilligung.<\/li>\n    <li>Die Erf\u00fcllung eines Vertrags oder vorvertraglicher Ma\u00dfnahmen.<\/li>\n    <li>Die Einhaltung gesetzlicher Verpflichtungen.<\/li>\n    <li>Unser berechtigtes Interesse an der Aufrechterhaltung von Gesch\u00e4ftsbeziehungen.<\/li>\n  <\/ul>\n\n  <h5>4. Datenspeicherung<\/h5>\n  <p>Wir speichern Ihre Daten so lange, wie es zur Erf\u00fcllung der oben beschriebenen Zwecke erforderlich ist, und danach f\u00fcr die gesetzlich vorgeschriebenen Aufbewahrungsfristen. Nach Ablauf dieser Frist werden Ihre Daten sicher gel\u00f6scht. <\/p>\n\n  <h5>5. Datenweitergabe<\/h5>\n  <p>Wir geben Ihre personenbezogenen Daten nicht an Dritte weiter, au\u00dfer:<\/p>\n  <ul>\n    <li>Wenn dies gesetzlich vorgeschrieben ist.<\/li>\n    <li>An Dienstleister, die zur Erbringung unserer Dienstleistungen erforderlich sind (z. B. Hosting-Provider, technischer Support) im Rahmen von Vertraulichkeitsvereinbarungen.<\/li>\n    <li>An Steuer-\/Rechtsberater im Rahmen von Datenverarbeitungsvereinbarungen.<\/li>\n  <\/ul>\n\n  <h5>6. Rechte der Nutzer<\/h5>\n  <p>Sie haben das Recht:<\/p>\n  <ul>\n    <li><strong>Auf Ihre personenbezogenen Daten zuzugreifen<\/strong>.<\/li>\n    <li><strong>Falsche oder veraltete Daten zu berichtigen<\/strong>.<\/li>\n    <li><strong>Ihre Daten zu l\u00f6schen<\/strong>, wenn sie nicht mehr ben\u00f6tigt werden.<\/li>\n    <li><strong>Bestimmten Arten der Verarbeitung zu widersprechen<\/strong>.<\/li>\n    <li><strong>Die Verarbeitung unter bestimmten Umst\u00e4nden einzuschr\u00e4nken<\/strong>.<\/li>\n    <li><strong>Die \u00dcbertragbarkeit<\/strong> Ihrer Daten an eine andere verantwortliche Stelle zu verlangen.<\/li>\n    <li><strong>Ihre Einwilligung<\/strong> jederzeit zu widerrufen, ohne die Rechtm\u00e4\u00dfigkeit der bisherigen Verarbeitung zu beeintr\u00e4chtigen.<\/li>\n  <\/ul>\n  <p>Um Ihre Rechte auszu\u00fcben, senden Sie bitte eine E-Mail an <a href=\"mailto:mansilla@mansillacabs.com\">mansilla@mansillacabs.com<\/a>, in der Sie angeben, welches Recht Sie aus\u00fcben m\u00f6chten, und f\u00fcgen Sie eine Kopie Ihres Personalausweises oder eines offiziellen Ausweisdokuments bei.<\/p>\n  <p>Wenn Sie der Meinung sind, dass Ihre Rechte nicht respektiert wurden, k\u00f6nnen Sie eine Beschwerde bei der <a href=\"https:\/\/www.aepd.es\" target=\"_blank\" rel=\"noopener\">Spanischen Datenschutzbeh\u00f6rde (AEPD)<\/a> einreichen.<\/p>\n\n  <h5>7. Datensicherheit<\/h5>\n  <p>INDUSTRIAS MANSILLA S.A. wendet geeignete technische und organisatorische Ma\u00dfnahmen an, um die Sicherheit und Vertraulichkeit Ihrer Daten zu gew\u00e4hrleisten und unbefugten Zugriff, Verlust oder Ver\u00e4nderung zu verhindern.<\/p>\n\n  <h5>8. \u00c4nderungen an dieser Richtlinie<\/h5>\n  <p>Wir behalten uns das Recht vor, diese Datenschutzrichtlinie zu aktualisieren oder zu \u00e4ndern, um \u00c4nderungen in der Gesetzgebung zu ber\u00fccksichtigen oder uns an unsere Datenverarbeitungsaktivit\u00e4ten anzupassen. Die neueste Version ist immer auf dieser Seite verf\u00fcgbar. <\/p>\n\t\t\t\t\t\t\t\t<\/div>\n\t\t\t\t\t<\/div>\n\t\t\t\t<\/div>\n\t\t\t\t<\/div>\n\t\t","protected":false},"excerpt":{"rendered":"<p>Datenschutzerkl\u00e4rung 1. Verantwortliche Stelle In \u00dcbereinstimmung mit der Verordnung (EU) 2016\/679 (DSGVO) und dem spanischen Organgesetz 3\/2018 (LOPDGDD) informieren wir Sie, dass die \u00fcber diese Website erhobenen personenbezogenen Daten verarbeitet werden von: Firmenname: INDUSTRIAS MANSILLA S.A. Steueridentifikationsnummer (NIF): A09065988 Adresse: c\/ L\u00f3pez Bravo n\u00ba 18, Pol\u00edgono Industrial de Villalonqu\u00e9jar, 09001 Burgos, Spanien Telefon: +34 947 [&hellip;]<\/p>\n","protected":false},"author":1,"featured_media":0,"parent":0,"menu_order":0,"comment_status":"closed","ping_status":"closed","template":"elementor_header_footer","meta":{"inline_featured_image":false,"footnotes":""},"class_list":["post-2495","page","type-page","status-publish","hentry"],"_links":{"self":[{"href":"https:\/\/imansilla.com\/de\/wp-json\/wp\/v2\/pages\/2495","targetHints":{"allow":["GET"]}}],"collection":[{"href":"https:\/\/imansilla.com\/de\/wp-json\/wp\/v2\/pages"}],"about":[{"href":"https:\/\/imansilla.com\/de\/wp-json\/wp\/v2\/types\/page"}],"author":[{"embeddable":true,"href":"https:\/\/imansilla.com\/de\/wp-json\/wp\/v2\/users\/1"}],"replies":[{"embeddable":true,"href":"https:\/\/imansilla.com\/de\/wp-json\/wp\/v2\/comments?post=2495"}],"version-history":[{"count":1,"href":"https:\/\/imansilla.com\/de\/wp-json\/wp\/v2\/pages\/2495\/revisions"}],"predecessor-version":[{"id":2496,"href":"https:\/\/imansilla.com\/de\/wp-json\/wp\/v2\/pages\/2495\/revisions\/2496"}],"wp:attachment":[{"href":"https:\/\/imansilla.com\/de\/wp-json\/wp\/v2\/media?parent=2495"}],"curies":[{"name":"wp","href":"https:\/\/api.w.org\/{rel}","templated":true}]}}