{"id":2501,"date":"2025-12-12T10:36:32","date_gmt":"2025-12-12T08:36:32","guid":{"rendered":"https:\/\/imansilla.com\/rechtlicher-hinweis\/"},"modified":"2026-01-23T14:30:11","modified_gmt":"2026-01-23T12:30:11","slug":"rechtlicher-hinweis","status":"publish","type":"page","link":"https:\/\/imansilla.com\/de\/rechtlicher-hinweis\/","title":{"rendered":"Rechtlicher Hinweis<br>"},"content":{"rendered":"\t\t<div data-elementor-type=\"wp-page\" data-elementor-id=\"2501\" class=\"elementor elementor-2501 elementor-1577\" data-elementor-post-type=\"page\">\n\t\t\t\t<div class=\"elementor-element elementor-element-e7900a7 e-flex e-con-boxed e-con e-parent\" data-id=\"e7900a7\" data-element_type=\"container\" data-e-type=\"container\" data-settings=\"{&quot;background_background&quot;:&quot;classic&quot;}\">\n\t\t\t\t\t<div class=\"e-con-inner\">\n\t\t<div class=\"elementor-element elementor-element-471af33 e-con-full e-flex e-con e-child\" data-id=\"471af33\" data-element_type=\"container\" data-e-type=\"container\">\n\t\t\t\t<div class=\"elementor-element elementor-element-80b8ca4 elementor-invisible elementor-widget elementor-widget-heading\" data-id=\"80b8ca4\" data-element_type=\"widget\" data-e-type=\"widget\" data-settings=\"{&quot;_animation&quot;:&quot;fadeInLeft&quot;}\" data-widget_type=\"heading.default\">\n\t\t\t\t\t<h1 class=\"elementor-heading-title elementor-size-default\">Rechtlicher Hinweis<br><\/h1>\t\t\t\t<\/div>\n\t\t\t\t<div class=\"elementor-element elementor-element-36b46be elementor-widget elementor-widget-spacer\" data-id=\"36b46be\" data-element_type=\"widget\" data-e-type=\"widget\" data-widget_type=\"spacer.default\">\n\t\t\t\t\t\t\t<div class=\"elementor-spacer\">\n\t\t\t<div class=\"elementor-spacer-inner\"><\/div>\n\t\t<\/div>\n\t\t\t\t\t\t<\/div>\n\t\t<div class=\"elementor-element elementor-element-743d0f8 e-con-full e-flex e-con e-child\" data-id=\"743d0f8\" data-element_type=\"container\" data-e-type=\"container\">\n\t\t<div class=\"elementor-element elementor-element-ff2def7 e-con-full e-flex e-con e-child\" data-id=\"ff2def7\" data-element_type=\"container\" data-e-type=\"container\">\n\t\t\t\t<div class=\"elementor-element elementor-element-7a3995e elementor-widget elementor-widget-spacer\" data-id=\"7a3995e\" data-element_type=\"widget\" data-e-type=\"widget\" data-widget_type=\"spacer.default\">\n\t\t\t\t\t\t\t<div class=\"elementor-spacer\">\n\t\t\t<div class=\"elementor-spacer-inner\"><\/div>\n\t\t<\/div>\n\t\t\t\t\t\t<\/div>\n\t\t\t\t<\/div>\n\t\t<div class=\"elementor-element elementor-element-1bfa533 e-con-full e-flex e-con e-child\" data-id=\"1bfa533\" data-element_type=\"container\" data-e-type=\"container\" data-settings=\"{&quot;background_background&quot;:&quot;classic&quot;}\">\n\t\t\t\t<div class=\"elementor-element elementor-element-f830e0e elementor-view-default elementor-invisible elementor-widget elementor-widget-icon\" data-id=\"f830e0e\" data-element_type=\"widget\" data-e-type=\"widget\" data-settings=\"{&quot;_animation&quot;:&quot;fadeInDown&quot;,&quot;_animation_delay&quot;:200}\" data-widget_type=\"icon.default\">\n\t\t\t\t\t\t\t<div class=\"elementor-icon-wrapper\">\n\t\t\t<a class=\"elementor-icon elementor-animation-sink\" href=\"#next\">\n\t\t\t<svg aria-hidden=\"true\" class=\"e-font-icon-svg e-fas-arrow-down\" viewBox=\"0 0 448 512\" xmlns=\"http:\/\/www.w3.org\/2000\/svg\"><path d=\"M413.1 222.5l22.2 22.2c9.4 9.4 9.4 24.6 0 33.9L241 473c-9.4 9.4-24.6 9.4-33.9 0L12.7 278.6c-9.4-9.4-9.4-24.6 0-33.9l22.2-22.2c9.5-9.5 25-9.3 34.3.4L184 343.4V56c0-13.3 10.7-24 24-24h32c13.3 0 24 10.7 24 24v287.4l114.8-120.5c9.3-9.8 24.8-10 34.3-.4z\"><\/path><\/svg>\t\t\t<\/a>\n\t\t<\/div>\n\t\t\t\t\t\t<\/div>\n\t\t\t\t<\/div>\n\t\t<div class=\"elementor-element elementor-element-7a1583e e-con-full e-flex e-con e-child\" data-id=\"7a1583e\" data-element_type=\"container\" data-e-type=\"container\">\n\t\t\t\t<div class=\"elementor-element elementor-element-27ac459 elementor-widget elementor-widget-spacer\" data-id=\"27ac459\" data-element_type=\"widget\" data-e-type=\"widget\" data-widget_type=\"spacer.default\">\n\t\t\t\t\t\t\t<div class=\"elementor-spacer\">\n\t\t\t<div class=\"elementor-spacer-inner\"><\/div>\n\t\t<\/div>\n\t\t\t\t\t\t<\/div>\n\t\t\t\t<\/div>\n\t\t\t\t<\/div>\n\t\t\t\t<\/div>\n\t\t\t\t\t<\/div>\n\t\t\t\t<\/div>\n\t\t<div class=\"elementor-element elementor-element-3e48557 e-flex e-con-boxed e-con e-parent\" data-id=\"3e48557\" data-element_type=\"container\" data-e-type=\"container\">\n\t\t\t\t\t<div class=\"e-con-inner\">\n\t\t\t\t<div class=\"elementor-element elementor-element-307aae7 elementor-widget elementor-widget-text-editor\" data-id=\"307aae7\" data-element_type=\"widget\" data-e-type=\"widget\" data-widget_type=\"text-editor.default\">\n\t\t\t\t\t\t\t\t\t<h5>1. Informationen zum Website-Inhaber<\/h5>\n  <p>\n  In \u00dcbereinstimmung mit den Bestimmungen des Gesetzes 34\/2002 vom 11. Juli \u00fcber Dienste der Informationsgesellschaft und des elektronischen Gesch\u00e4ftsverkehrs (LSSI-CE) informieren wir Sie dar\u00fcber, dass diese Website <strong>https:\/\/imansilla.com<\/strong> Eigentum von folgendem Unternehmen ist:\n  <\/p>\n  <ul>\n    <li><strong>Firmenname:<\/strong> INDUSTRIAS MANSILLA SA<\/li>\n    <li><strong>Steueridentifikationsnummer (NIF):<\/strong> A09065988<\/li>\n    <li><strong>Adresse:<\/strong> c\/ L\u00f3pez Bravo n\u00ba 18, Pol\u00edgono Industrial de Villalonqu\u00e9jar, 09001 Burgos, Spanien<\/li>\n    <li><strong>Telefon:<\/strong> <a href=\"tel:+34947298430\">+34 947 29 84 30<\/a><\/li>\n    <li><strong>E-Mail:<\/strong> <a href=\"mailto:mansilla@mansillacabs.com\">mansilla@mansillacabs.com<\/a><\/li>\n    <li><strong>Webseite:<\/strong> <a href=\"https:\/\/imansilla.com\/de\/\">https:\/\/imansilla.com<\/a><\/li>\n  <\/ul>\n\n  <h5>2. Zweck der Website<\/h5>\n  <p>\n  Zweck dieser Website ist es, Informationen \u00fcber die Produkte, Dienstleistungen und Aktivit\u00e4ten von INDUSTRIAS MANSILLA SA bereitzustellen, insbesondere solche, die mit der Konstruktion und Herstellung von Fahrerkabinen f\u00fcr Industriefahrzeuge und zugeh\u00f6rigen Systemen zusammenh\u00e4ngen.\n  <\/p>\n\n  <h5>3. Nutzungsbedingungen<\/h5>\n  <p>\n  Der Zugriff auf und die Nutzung dieser Website verleihen den Status eines Nutzers und implizieren die uneingeschr\u00e4nkte Akzeptanz der in diesem Rechtshinweis enthaltenen Bedingungen. Nutzer verpflichten sich, die Website rechtm\u00e4\u00dfig, ethisch und verantwortungsbewusst zu nutzen und jegliche Aktivit\u00e4ten zu unterlassen, die dem Ruf oder den Interessen von INDUSTRIAS MANSILLA SA schaden k\u00f6nnten. \n  <\/p>\n\n  <h5>4. Geistiges und gewerbliches Eigentum<\/h5>\n  <p>\n  Alle Inhalte dieser Website (Texte, Bilder, Logos, Designs, Quellcode usw.) sind Eigentum der INDUSTRIAS MANSILLA SA oder Dritter, die deren Nutzung genehmigt haben. Jegliche Vervielf\u00e4ltigung, Verbreitung oder \u00c4nderung der Inhalte ist ohne vorherige schriftliche Zustimmung des Rechteinhabers strengstens untersagt. \n  <\/p>\n\n  <h5>5. Haftungsausschluss<\/h5>\n  <p>\n  INDUSTRIAS MANSILLA SA haftet nicht f\u00fcr Sch\u00e4den, die durch den Missbrauch der Inhalte dieser Website oder durch Serviceunterbrechungen, Viren oder technische St\u00f6rungen entstehen, die au\u00dferhalb ihrer Kontrolle liegen.\n  <\/p>\n\n  <h5>6. Links zu externen Websites<\/h5>\n  <p>\n  Diese Website kann Links zu Websites Dritter enthalten. INDUSTRIAS MANSILLA SA \u00fcbernimmt keine Verantwortung f\u00fcr den Inhalt oder die Zuverl\u00e4ssigkeit solcher Websites, die ihren eigenen Nutzungsbedingungen und Datenschutzrichtlinien unterliegen. \n  <\/p>\n\n  <h5>7. Datenschutz<\/h5>\n  <p>\n  Die \u00fcber diese Website erhobenen personenbezogenen Daten werden gem\u00e4\u00df den geltenden Datenschutzbestimmungen verarbeitet. Weitere Informationen finden Sie in unserer <a href=\"https:\/\/imansilla.com\/de\/datenschutzerklaerung\/\">Datenschutzerkl\u00e4rung<\/a> . \n  <\/p>\n\n  <h5>8. Anwendbares Recht und Gerichtsstand<\/h5>\n  <p>\n  Dieser Rechtshinweis unterliegt spanischem Recht. Alle Streitigkeiten im Zusammenhang mit der Website oder ihrer Nutzung unterliegen der Gerichtsbarkeit der Gerichte von Burgos, Spanien, sofern nicht durch geltende Verbraucherschutzbestimmungen etwas anderes vorgeschrieben ist. \n  <\/p>\n\n  <h5>9. Kontakt<\/h5>\n  <p>\n  Sollten Sie Fragen zu diesem Rechtshinweis haben, k\u00f6nnen Sie INDUSTRIAS MANSILLA SA per E-Mail unter <a href=\"mailto:mansilla@mansillacabs.com\">mansilla@mansillacabs.com<\/a> oder telefonisch unter <a href=\"tel:+34947298430\">+34 947 29 84 30<\/a> kontaktieren.\n  <\/p>\t\t\t\t\t\t\t\t<\/div>\n\t\t\t\t\t<\/div>\n\t\t\t\t<\/div>\n\t\t\t\t<\/div>\n\t\t","protected":false},"excerpt":{"rendered":"<p>Rechtlicher Hinweis 1. Informationen zum Website-Inhaber In \u00dcbereinstimmung mit den Bestimmungen des Gesetzes 34\/2002 vom 11. Juli \u00fcber Dienste der Informationsgesellschaft und des elektronischen Gesch\u00e4ftsverkehrs (LSSI-CE) informieren wir Sie dar\u00fcber, dass diese Website https:\/\/imansilla.com Eigentum von folgendem Unternehmen ist: Firmenname: INDUSTRIAS MANSILLA SA Steueridentifikationsnummer (NIF): A09065988 Adresse: c\/ L\u00f3pez Bravo n\u00ba 18, Pol\u00edgono Industrial de [&hellip;]<\/p>\n","protected":false},"author":1,"featured_media":0,"parent":0,"menu_order":0,"comment_status":"closed","ping_status":"closed","template":"elementor_header_footer","meta":{"inline_featured_image":false,"footnotes":""},"class_list":["post-2501","page","type-page","status-publish","hentry"],"_links":{"self":[{"href":"https:\/\/imansilla.com\/de\/wp-json\/wp\/v2\/pages\/2501","targetHints":{"allow":["GET"]}}],"collection":[{"href":"https:\/\/imansilla.com\/de\/wp-json\/wp\/v2\/pages"}],"about":[{"href":"https:\/\/imansilla.com\/de\/wp-json\/wp\/v2\/types\/page"}],"author":[{"embeddable":true,"href":"https:\/\/imansilla.com\/de\/wp-json\/wp\/v2\/users\/1"}],"replies":[{"embeddable":true,"href":"https:\/\/imansilla.com\/de\/wp-json\/wp\/v2\/comments?post=2501"}],"version-history":[{"count":1,"href":"https:\/\/imansilla.com\/de\/wp-json\/wp\/v2\/pages\/2501\/revisions"}],"predecessor-version":[{"id":2502,"href":"https:\/\/imansilla.com\/de\/wp-json\/wp\/v2\/pages\/2501\/revisions\/2502"}],"wp:attachment":[{"href":"https:\/\/imansilla.com\/de\/wp-json\/wp\/v2\/media?parent=2501"}],"curies":[{"name":"wp","href":"https:\/\/api.w.org\/{rel}","templated":true}]}}