{"id":2493,"date":"2025-12-12T10:34:23","date_gmt":"2025-12-12T08:34:23","guid":{"rendered":"https:\/\/imansilla.com\/politica-de-privacidad\/"},"modified":"2026-01-23T14:21:04","modified_gmt":"2026-01-23T12:21:04","slug":"politica-de-privacidad","status":"publish","type":"page","link":"https:\/\/imansilla.com\/es\/politica-de-privacidad\/","title":{"rendered":"Pol\u00edtica de privacidad<br>"},"content":{"rendered":"\t\t<div data-elementor-type=\"wp-page\" data-elementor-id=\"2493\" class=\"elementor elementor-2493 elementor-1572\" data-elementor-post-type=\"page\">\n\t\t\t\t<div class=\"elementor-element elementor-element-e7900a7 e-flex e-con-boxed e-con e-parent\" data-id=\"e7900a7\" data-element_type=\"container\" data-e-type=\"container\" data-settings=\"{&quot;background_background&quot;:&quot;classic&quot;}\">\n\t\t\t\t\t<div class=\"e-con-inner\">\n\t\t<div class=\"elementor-element elementor-element-471af33 e-con-full e-flex e-con e-child\" data-id=\"471af33\" data-element_type=\"container\" data-e-type=\"container\">\n\t\t\t\t<div class=\"elementor-element elementor-element-80b8ca4 elementor-invisible elementor-widget elementor-widget-heading\" data-id=\"80b8ca4\" data-element_type=\"widget\" data-e-type=\"widget\" data-settings=\"{&quot;_animation&quot;:&quot;fadeInLeft&quot;}\" data-widget_type=\"heading.default\">\n\t\t\t\t\t<h1 class=\"elementor-heading-title elementor-size-default\">Pol\u00edtica de privacidad<br><\/h1>\t\t\t\t<\/div>\n\t\t\t\t<div class=\"elementor-element elementor-element-36b46be elementor-widget elementor-widget-spacer\" data-id=\"36b46be\" data-element_type=\"widget\" data-e-type=\"widget\" data-widget_type=\"spacer.default\">\n\t\t\t\t\t\t\t<div class=\"elementor-spacer\">\n\t\t\t<div class=\"elementor-spacer-inner\"><\/div>\n\t\t<\/div>\n\t\t\t\t\t\t<\/div>\n\t\t<div class=\"elementor-element elementor-element-743d0f8 e-con-full e-flex e-con e-child\" data-id=\"743d0f8\" data-element_type=\"container\" data-e-type=\"container\">\n\t\t<div class=\"elementor-element elementor-element-ff2def7 e-con-full e-flex e-con e-child\" data-id=\"ff2def7\" data-element_type=\"container\" data-e-type=\"container\">\n\t\t\t\t<div class=\"elementor-element elementor-element-7a3995e elementor-widget elementor-widget-spacer\" data-id=\"7a3995e\" data-element_type=\"widget\" data-e-type=\"widget\" data-widget_type=\"spacer.default\">\n\t\t\t\t\t\t\t<div class=\"elementor-spacer\">\n\t\t\t<div class=\"elementor-spacer-inner\"><\/div>\n\t\t<\/div>\n\t\t\t\t\t\t<\/div>\n\t\t\t\t<\/div>\n\t\t<div class=\"elementor-element elementor-element-1bfa533 e-con-full e-flex e-con e-child\" data-id=\"1bfa533\" data-element_type=\"container\" data-e-type=\"container\" data-settings=\"{&quot;background_background&quot;:&quot;classic&quot;}\">\n\t\t\t\t<div class=\"elementor-element elementor-element-f830e0e elementor-view-default elementor-invisible elementor-widget elementor-widget-icon\" data-id=\"f830e0e\" data-element_type=\"widget\" data-e-type=\"widget\" data-settings=\"{&quot;_animation&quot;:&quot;fadeInDown&quot;,&quot;_animation_delay&quot;:200}\" data-widget_type=\"icon.default\">\n\t\t\t\t\t\t\t<div class=\"elementor-icon-wrapper\">\n\t\t\t<a class=\"elementor-icon elementor-animation-sink\" href=\"#next\">\n\t\t\t<svg aria-hidden=\"true\" class=\"e-font-icon-svg e-fas-arrow-down\" viewBox=\"0 0 448 512\" xmlns=\"http:\/\/www.w3.org\/2000\/svg\"><path d=\"M413.1 222.5l22.2 22.2c9.4 9.4 9.4 24.6 0 33.9L241 473c-9.4 9.4-24.6 9.4-33.9 0L12.7 278.6c-9.4-9.4-9.4-24.6 0-33.9l22.2-22.2c9.5-9.5 25-9.3 34.3.4L184 343.4V56c0-13.3 10.7-24 24-24h32c13.3 0 24 10.7 24 24v287.4l114.8-120.5c9.3-9.8 24.8-10 34.3-.4z\"><\/path><\/svg>\t\t\t<\/a>\n\t\t<\/div>\n\t\t\t\t\t\t<\/div>\n\t\t\t\t<\/div>\n\t\t<div class=\"elementor-element elementor-element-7a1583e e-con-full e-flex e-con e-child\" data-id=\"7a1583e\" data-element_type=\"container\" data-e-type=\"container\">\n\t\t\t\t<div class=\"elementor-element elementor-element-27ac459 elementor-widget elementor-widget-spacer\" data-id=\"27ac459\" data-element_type=\"widget\" data-e-type=\"widget\" data-widget_type=\"spacer.default\">\n\t\t\t\t\t\t\t<div class=\"elementor-spacer\">\n\t\t\t<div class=\"elementor-spacer-inner\"><\/div>\n\t\t<\/div>\n\t\t\t\t\t\t<\/div>\n\t\t\t\t<\/div>\n\t\t\t\t<\/div>\n\t\t\t\t<\/div>\n\t\t\t\t\t<\/div>\n\t\t\t\t<\/div>\n\t\t<div class=\"elementor-element elementor-element-3e48557 e-flex e-con-boxed e-con e-parent\" data-id=\"3e48557\" data-element_type=\"container\" data-e-type=\"container\">\n\t\t\t\t\t<div class=\"e-con-inner\">\n\t\t\t\t<div class=\"elementor-element elementor-element-307aae7 elementor-widget elementor-widget-text-editor\" data-id=\"307aae7\" data-element_type=\"widget\" data-e-type=\"widget\" data-widget_type=\"text-editor.default\">\n\t\t\t\t\t\t\t\t\t<h5>1. Responsable del tratamiento<\/h5>\n  <p>\n De conformidad con el Reglamento (UE) 2016\/679 (RGPD) y la Ley Org\u00e1nica 3\/2018 (LOPDGDD), le informamos de que los datos personales recogidos a trav\u00e9s de este sitio web ser\u00e1n tratados por:<br>\n  <\/p>\n  <ul>\n    <li>Nombre de la empresa: INDUSTRIAS MANSILLA S.A.<\/li>\n    <li>NIF: A09065988<\/li>\n    <li>Direcci\u00f3n: c\/ L\u00f3pez Bravo n\u00ba 18, Pol\u00edgono Industrial de Villalonqu\u00e9jar, 09001 Burgos, Espa\u00f1a<\/li>\n    <li>Tel\u00e9fono: <a href=\"tel:+34947298430\">+34 947 29 84 30<\/a><\/li>\n    <li>Correo electr\u00f3nico: <a href=\"mailto:mansilla@mansillacabs.com\">mansilla@mansillacabs.com<\/a><\/li>\n    <li>Sitio web: <a href=\"https:\/\/imansilla.com\/es\/\">https:\/\/imansilla.com<\/a><\/li>\n  <\/ul>\n\n  <h5>2. Finalidad del tratamiento de los datos<\/h5>\n  <p>Tratamos sus datos personales con las siguientes finalidades:<br><\/p>\n  <ul>\n    <li>Atender consultas, solicitudes de informaci\u00f3n o presupuestos.<br><\/li>\n    <li>Gestionar relaciones comerciales y profesionales.<br><\/li>\n    <li>Enviar comunicaciones t\u00e9cnicas o informativas sobre nuestros servicios (con el consentimiento previo).<br><\/li>\n    <li>Cumplir con obligaciones legales o contractuales.<br><\/li>\n  <\/ul>\n\n  <h5>3. Base legal del tratamiento<\/h5>\n  <p>Las bases legales para el tratamiento de sus datos son:<br><\/p>\n  <ul>\n    <li>Su consentimiento expreso.<br><\/li>\n    <li>La ejecuci\u00f3n de un contrato o la aplicaci\u00f3n de medidas precontractuales.<br><\/li>\n    <li>El cumplimiento de obligaciones legales.<br><\/li>\n    <li>Nuestro inter\u00e9s leg\u00edtimo en mantener relaciones comerciales.<br><\/li>\n  <\/ul>\n\n  <h5>4. Conservaci\u00f3n de los datos<\/h5>\n  <p>Conservaremos sus datos durante el tiempo necesario para cumplir con las finalidades descritas anteriormente y, posteriormente, durante los plazos legalmente exigidos. Una vez transcurridos dichos plazos, sus datos ser\u00e1n eliminados de forma segura.<br> <\/p>\n\n  <h5>5. Cesi\u00f3n de datos<\/h5>\n  <p>No cedemos sus datos personales a terceros, salvo en los siguientes casos:<br><\/p>\n  <ul>\n    <li>Cuando sea requerido por ley.<br><\/li>\n    <li>A proveedores de servicios necesarios para la prestaci\u00f3n de nuestros servicios (por ejemplo, proveedores de alojamiento web o soporte t\u00e9cnico), bajo acuerdos de confidencialidad.<br><\/li>\n    <li>A asesores fiscales o legales, bajo los correspondientes acuerdos de tratamiento de datos.<br><\/li>\n  <\/ul>\n\n  <h5>6. Derechos del usuario<\/h5>\n  <p>Usted tiene derecho a:<br><\/p>\n  <ul>\n    <li>Acceder a sus datos personales.<br><\/li>\n    <li>Rectificar los datos incorrectos o desactualizados.<br><\/li>\n    <li>Suprimir sus datos cuando ya no sean necesarios.<br><\/li>\n    <li>Oponerse a determinados tratamientos.<br><\/li>\n    <li>Solicitar la limitaci\u00f3n del tratamiento en determinadas circunstancias.<br><\/li>\n    <li>Solicitar la portabilidad de sus datos a otro responsable del tratamiento.<br><\/li>\n    <li>Retirar su consentimiento en cualquier momento, sin que ello afecte a la licitud del tratamiento previo.<br><\/li>\n  <\/ul>\n  <p>Para ejercer sus derechos, puede enviar un correo electr\u00f3nico a <a href=\"mailto:mansilla@mansillacabs.com\">mansilla@mansillacabs.com<\/a>, indicando el derecho que desea ejercer y adjuntando una copia de su DNI u otro documento oficial de identificaci\u00f3n.<\/p>\n  <p>Si considera que sus derechos no han sido debidamente atendidos, puede presentar una reclamaci\u00f3n ante la <a href=\"https:\/\/www.aepd.es\" target=\"_blank\" rel=\"noopener\">Agencia Espa\u00f1ola de Protecci\u00f3n de Datos (AEPD)<\/a>.<\/p>\n\n  <h5>7. Seguridad de los datos<\/h5>\n  <p>INDUSTRIAS MANSILLA S.A. aplica las medidas t\u00e9cnicas y organizativas adecuadas para garantizar la seguridad y confidencialidad de sus datos, as\u00ed como para evitar el acceso no autorizado, la p\u00e9rdida o la alteraci\u00f3n de los mismos.<br><\/p>\n\n  <h5>8. Modificaciones de la pol\u00edtica<\/h5>\n  <p>Nos reservamos el derecho a actualizar o modificar la presente Pol\u00edtica de Privacidad para adaptarla a cambios legislativos o a nuestras actividades de tratamiento de datos. La versi\u00f3n m\u00e1s reciente estar\u00e1 siempre disponible en esta p\u00e1gina.<br> <br> <br> <\/p>\n\t\t\t\t\t\t\t\t<\/div>\n\t\t\t\t\t<\/div>\n\t\t\t\t<\/div>\n\t\t\t\t<\/div>\n\t\t","protected":false},"excerpt":{"rendered":"<p>Pol\u00edtica de privacidad 1. Responsable del tratamiento De conformidad con el Reglamento (UE) 2016\/679 (RGPD) y la Ley Org\u00e1nica 3\/2018 (LOPDGDD), le informamos de que los datos personales recogidos a trav\u00e9s de este sitio web ser\u00e1n tratados por: Nombre de la empresa: INDUSTRIAS MANSILLA S.A. NIF: A09065988 Direcci\u00f3n: c\/ L\u00f3pez Bravo n\u00ba 18, Pol\u00edgono Industrial [&hellip;]<\/p>\n","protected":false},"author":1,"featured_media":0,"parent":0,"menu_order":0,"comment_status":"closed","ping_status":"closed","template":"elementor_header_footer","meta":{"inline_featured_image":false,"footnotes":""},"class_list":["post-2493","page","type-page","status-publish","hentry"],"_links":{"self":[{"href":"https:\/\/imansilla.com\/es\/wp-json\/wp\/v2\/pages\/2493","targetHints":{"allow":["GET"]}}],"collection":[{"href":"https:\/\/imansilla.com\/es\/wp-json\/wp\/v2\/pages"}],"about":[{"href":"https:\/\/imansilla.com\/es\/wp-json\/wp\/v2\/types\/page"}],"author":[{"embeddable":true,"href":"https:\/\/imansilla.com\/es\/wp-json\/wp\/v2\/users\/1"}],"replies":[{"embeddable":true,"href":"https:\/\/imansilla.com\/es\/wp-json\/wp\/v2\/comments?post=2493"}],"version-history":[{"count":1,"href":"https:\/\/imansilla.com\/es\/wp-json\/wp\/v2\/pages\/2493\/revisions"}],"predecessor-version":[{"id":2494,"href":"https:\/\/imansilla.com\/es\/wp-json\/wp\/v2\/pages\/2493\/revisions\/2494"}],"wp:attachment":[{"href":"https:\/\/imansilla.com\/es\/wp-json\/wp\/v2\/media?parent=2493"}],"curies":[{"name":"wp","href":"https:\/\/api.w.org\/{rel}","templated":true}]}}