{"id":2503,"date":"2025-12-12T10:36:32","date_gmt":"2025-12-12T08:36:32","guid":{"rendered":"https:\/\/imansilla.com\/mentions-legales\/"},"modified":"2026-01-23T14:30:49","modified_gmt":"2026-01-23T12:30:49","slug":"mentions-legales","status":"publish","type":"page","link":"https:\/\/imansilla.com\/fr\/mentions-legales\/","title":{"rendered":"Mentions l\u00e9gales<br>"},"content":{"rendered":"\t\t<div data-elementor-type=\"wp-page\" data-elementor-id=\"2503\" class=\"elementor elementor-2503 elementor-1577\" data-elementor-post-type=\"page\">\n\t\t\t\t<div class=\"elementor-element elementor-element-e7900a7 e-flex e-con-boxed e-con e-parent\" data-id=\"e7900a7\" data-element_type=\"container\" data-e-type=\"container\" data-settings=\"{&quot;background_background&quot;:&quot;classic&quot;}\">\n\t\t\t\t\t<div class=\"e-con-inner\">\n\t\t<div class=\"elementor-element elementor-element-471af33 e-con-full e-flex e-con e-child\" data-id=\"471af33\" data-element_type=\"container\" data-e-type=\"container\">\n\t\t\t\t<div class=\"elementor-element elementor-element-80b8ca4 elementor-invisible elementor-widget elementor-widget-heading\" data-id=\"80b8ca4\" data-element_type=\"widget\" data-e-type=\"widget\" data-settings=\"{&quot;_animation&quot;:&quot;fadeInLeft&quot;}\" data-widget_type=\"heading.default\">\n\t\t\t\t\t<h1 class=\"elementor-heading-title elementor-size-default\">Mentions l\u00e9gales<br><\/h1>\t\t\t\t<\/div>\n\t\t\t\t<div class=\"elementor-element elementor-element-36b46be elementor-widget elementor-widget-spacer\" data-id=\"36b46be\" data-element_type=\"widget\" data-e-type=\"widget\" data-widget_type=\"spacer.default\">\n\t\t\t\t\t\t\t<div class=\"elementor-spacer\">\n\t\t\t<div class=\"elementor-spacer-inner\"><\/div>\n\t\t<\/div>\n\t\t\t\t\t\t<\/div>\n\t\t<div class=\"elementor-element elementor-element-743d0f8 e-con-full e-flex e-con e-child\" data-id=\"743d0f8\" data-element_type=\"container\" data-e-type=\"container\">\n\t\t<div class=\"elementor-element elementor-element-ff2def7 e-con-full e-flex e-con e-child\" data-id=\"ff2def7\" data-element_type=\"container\" data-e-type=\"container\">\n\t\t\t\t<div class=\"elementor-element elementor-element-7a3995e elementor-widget elementor-widget-spacer\" data-id=\"7a3995e\" data-element_type=\"widget\" data-e-type=\"widget\" data-widget_type=\"spacer.default\">\n\t\t\t\t\t\t\t<div class=\"elementor-spacer\">\n\t\t\t<div class=\"elementor-spacer-inner\"><\/div>\n\t\t<\/div>\n\t\t\t\t\t\t<\/div>\n\t\t\t\t<\/div>\n\t\t<div class=\"elementor-element elementor-element-1bfa533 e-con-full e-flex e-con e-child\" data-id=\"1bfa533\" data-element_type=\"container\" data-e-type=\"container\" data-settings=\"{&quot;background_background&quot;:&quot;classic&quot;}\">\n\t\t\t\t<div class=\"elementor-element elementor-element-f830e0e elementor-view-default elementor-invisible elementor-widget elementor-widget-icon\" data-id=\"f830e0e\" data-element_type=\"widget\" data-e-type=\"widget\" data-settings=\"{&quot;_animation&quot;:&quot;fadeInDown&quot;,&quot;_animation_delay&quot;:200}\" data-widget_type=\"icon.default\">\n\t\t\t\t\t\t\t<div class=\"elementor-icon-wrapper\">\n\t\t\t<a class=\"elementor-icon elementor-animation-sink\" href=\"#next\">\n\t\t\t<svg aria-hidden=\"true\" class=\"e-font-icon-svg e-fas-arrow-down\" viewBox=\"0 0 448 512\" xmlns=\"http:\/\/www.w3.org\/2000\/svg\"><path d=\"M413.1 222.5l22.2 22.2c9.4 9.4 9.4 24.6 0 33.9L241 473c-9.4 9.4-24.6 9.4-33.9 0L12.7 278.6c-9.4-9.4-9.4-24.6 0-33.9l22.2-22.2c9.5-9.5 25-9.3 34.3.4L184 343.4V56c0-13.3 10.7-24 24-24h32c13.3 0 24 10.7 24 24v287.4l114.8-120.5c9.3-9.8 24.8-10 34.3-.4z\"><\/path><\/svg>\t\t\t<\/a>\n\t\t<\/div>\n\t\t\t\t\t\t<\/div>\n\t\t\t\t<\/div>\n\t\t<div class=\"elementor-element elementor-element-7a1583e e-con-full e-flex e-con e-child\" data-id=\"7a1583e\" data-element_type=\"container\" data-e-type=\"container\">\n\t\t\t\t<div class=\"elementor-element elementor-element-27ac459 elementor-widget elementor-widget-spacer\" data-id=\"27ac459\" data-element_type=\"widget\" data-e-type=\"widget\" data-widget_type=\"spacer.default\">\n\t\t\t\t\t\t\t<div class=\"elementor-spacer\">\n\t\t\t<div class=\"elementor-spacer-inner\"><\/div>\n\t\t<\/div>\n\t\t\t\t\t\t<\/div>\n\t\t\t\t<\/div>\n\t\t\t\t<\/div>\n\t\t\t\t<\/div>\n\t\t\t\t\t<\/div>\n\t\t\t\t<\/div>\n\t\t<div class=\"elementor-element elementor-element-3e48557 e-flex e-con-boxed e-con e-parent\" data-id=\"3e48557\" data-element_type=\"container\" data-e-type=\"container\">\n\t\t\t\t\t<div class=\"e-con-inner\">\n\t\t\t\t<div class=\"elementor-element elementor-element-307aae7 elementor-widget elementor-widget-text-editor\" data-id=\"307aae7\" data-element_type=\"widget\" data-e-type=\"widget\" data-widget_type=\"text-editor.default\">\n\t\t\t\t\t\t\t\t\t<h5>1. Informations sur le propri\u00e9taire du site Web<\/h5>\n  <p>\n  Conform\u00e9ment aux dispositions de la loi 34\/2002 du 11 juillet relative aux services de la soci\u00e9t\u00e9 de l&rsquo;information et au commerce \u00e9lectronique (LSSI-CE), nous vous informons que le site web <strong>https:\/\/imansilla.com<\/strong> est la propri\u00e9t\u00e9 de&nbsp;:\n  <\/p>\n  <ul>\n    <li><strong>Nom de l&rsquo;entreprise:<\/strong> INDUSTRIAS MANSILLA SA<\/li>\n    <li><strong>Num\u00e9ro d&rsquo;identification fiscale (NIF) :<\/strong> A09065988<\/li>\n    <li><strong>Adresse :<\/strong> c\/ L\u00f3pez Bravo n\u00ba 18, Pol\u00edgono Industrial de Villalonqu\u00e9jar, 09001 Burgos, Espagne<\/li>\n    <li><strong>T\u00e9l\u00e9phone :<\/strong> <a href=\"tel:+34947298430\">+34 947 29 84 30<\/a><\/li>\n    <li><strong>Courriel :<\/strong> <a href=\"mailto:mansilla@mansillacabs.com\">mansilla@mansillacabs.com<\/a><\/li>\n    <li><strong>Site web&nbsp;:<\/strong> <a href=\"https:\/\/imansilla.com\/fr\/\">https:\/\/imansilla.com<\/a><\/li>\n  <\/ul>\n\n  <h5>2. Objectif du site web<\/h5>\n  <p>\n  Ce site web a pour but de fournir des informations sur les produits, les services et les activit\u00e9s d&rsquo;INDUSTRIAS MANSILLA SA, notamment ceux li\u00e9s \u00e0 la conception et \u00e0 la fabrication de cabines de v\u00e9hicules industriels et de syst\u00e8mes associ\u00e9s.\n  <\/p>\n\n  <h5>3. Conditions d&rsquo;utilisation<\/h5>\n  <p>\n  L\u2019acc\u00e8s \u00e0 ce site web et son utilisation conf\u00e8rent le statut d\u2019utilisateur et impliquent l\u2019acceptation pleine et enti\u00e8re des conditions \u00e9nonc\u00e9es dans les pr\u00e9sentes mentions l\u00e9gales. Les utilisateurs s\u2019engagent \u00e0 utiliser le site de mani\u00e8re licite, \u00e9thique et responsable, et \u00e0 s\u2019abstenir de toute activit\u00e9 susceptible de nuire \u00e0 la r\u00e9putation ou aux int\u00e9r\u00eats d\u2019INDUSTRIAS MANSILLA SA. \n  <\/p>\n\n  <h5>4. Propri\u00e9t\u00e9 intellectuelle et industrielle<\/h5>\n  <p>\n  L&rsquo;ensemble du contenu de ce site web (textes, images, logos, designs, code, etc.) est la propri\u00e9t\u00e9 d&rsquo;INDUSTRIAS MANSILLA SA ou de tiers ayant autoris\u00e9 son utilisation. Toute reproduction, distribution ou modification de ce contenu est strictement interdite sans l&rsquo;accord \u00e9crit pr\u00e9alable du titulaire des droits. \n  <\/p>\n\n  <h5>5. Clause de non-responsabilit\u00e9<\/h5>\n  <p>\n  INDUSTRIAS MANSILLA SA n&rsquo;est pas responsable des dommages r\u00e9sultant d&rsquo;une mauvaise utilisation du contenu de ce site web ou des interruptions de service, des virus ou des d\u00e9faillances techniques ind\u00e9pendantes de sa volont\u00e9.\n  <\/p>\n\n  <h5>6. Liens vers des sites externes<\/h5>\n  <p>\n  Ce site web peut contenir des liens vers des sites web tiers. INDUSTRIAS MANSILLA SA d\u00e9cline toute responsabilit\u00e9 quant au contenu et \u00e0 la fiabilit\u00e9 de ces sites, lesquels sont r\u00e9gis par leurs propres conditions g\u00e9n\u00e9rales et politiques de confidentialit\u00e9. \n  <\/p>\n\n  <h5>7. Protection des donn\u00e9es<\/h5>\n  <p>\n  Les donn\u00e9es personnelles collect\u00e9es via ce site web seront trait\u00e9es conform\u00e9ment \u00e0 la r\u00e9glementation applicable en mati\u00e8re de protection des donn\u00e9es. Pour plus d&rsquo;informations, veuillez consulter notre <a href=\"https:\/\/imansilla.com\/fr\/politique-de-confidentialite\/\">Politique de confidentialit\u00e9<\/a> . \n  <\/p>\n\n  <h5>8. Droit applicable et juridiction comp\u00e9tente<\/h5>\n  <p>\n  Les pr\u00e9sentes mentions l\u00e9gales sont r\u00e9gies par le droit espagnol. Tout litige relatif au site web ou \u00e0 son utilisation sera soumis \u00e0 la comp\u00e9tence des tribunaux de Burgos, en Espagne, sauf disposition contraire de la r\u00e9glementation applicable en mati\u00e8re de protection des consommateurs. \n  <\/p>\n\n  <h5>9. Contact<\/h5>\n  <p>\n  Si vous avez des questions concernant cet avis juridique, vous pouvez contacter INDUSTRIAS MANSILLA SA par e-mail \u00e0 <a href=\"mailto:mansilla@mansillacabs.com\">mansilla@mansillacabs.com<\/a> ou par t\u00e9l\u00e9phone au <a href=\"tel:+34947298430\">+34 947 29 84 30<\/a> .\n  <\/p>\t\t\t\t\t\t\t\t<\/div>\n\t\t\t\t\t<\/div>\n\t\t\t\t<\/div>\n\t\t\t\t<\/div>\n\t\t","protected":false},"excerpt":{"rendered":"<p>Mentions l\u00e9gales 1. Informations sur le propri\u00e9taire du site Web Conform\u00e9ment aux dispositions de la loi 34\/2002 du 11 juillet relative aux services de la soci\u00e9t\u00e9 de l&rsquo;information et au commerce \u00e9lectronique (LSSI-CE), nous vous informons que le site web https:\/\/imansilla.com est la propri\u00e9t\u00e9 de&nbsp;: Nom de l&rsquo;entreprise: INDUSTRIAS MANSILLA SA Num\u00e9ro d&rsquo;identification fiscale (NIF) [&hellip;]<\/p>\n","protected":false},"author":1,"featured_media":0,"parent":0,"menu_order":0,"comment_status":"closed","ping_status":"closed","template":"elementor_header_footer","meta":{"inline_featured_image":false,"footnotes":""},"class_list":["post-2503","page","type-page","status-publish","hentry"],"_links":{"self":[{"href":"https:\/\/imansilla.com\/fr\/wp-json\/wp\/v2\/pages\/2503","targetHints":{"allow":["GET"]}}],"collection":[{"href":"https:\/\/imansilla.com\/fr\/wp-json\/wp\/v2\/pages"}],"about":[{"href":"https:\/\/imansilla.com\/fr\/wp-json\/wp\/v2\/types\/page"}],"author":[{"embeddable":true,"href":"https:\/\/imansilla.com\/fr\/wp-json\/wp\/v2\/users\/1"}],"replies":[{"embeddable":true,"href":"https:\/\/imansilla.com\/fr\/wp-json\/wp\/v2\/comments?post=2503"}],"version-history":[{"count":1,"href":"https:\/\/imansilla.com\/fr\/wp-json\/wp\/v2\/pages\/2503\/revisions"}],"predecessor-version":[{"id":2504,"href":"https:\/\/imansilla.com\/fr\/wp-json\/wp\/v2\/pages\/2503\/revisions\/2504"}],"wp:attachment":[{"href":"https:\/\/imansilla.com\/fr\/wp-json\/wp\/v2\/media?parent=2503"}],"curies":[{"name":"wp","href":"https:\/\/api.w.org\/{rel}","templated":true}]}}